{"id":217,"date":"2016-02-12T21:57:48","date_gmt":"2016-02-12T21:57:48","guid":{"rendered":"https:\/\/www.portomirabello.it\/?page_id=217"},"modified":"2020-01-13T14:29:47","modified_gmt":"2020-01-13T13:29:47","slug":"posti-barca-da-20-a-25-metri","status":"publish","type":"page","link":"https:\/\/www.portomirabello.it\/it\/posti-barca\/posti-barca-da-20-a-25-metri\/","title":{"rendered":"Posti barca da 20 a 25 metri"},"content":{"rendered":"\n\t\t\t<!-- START header barca 2025 REVOLUTION SLIDER 6.6.18 --><p class=\"rs-p-wp-fix\"><\/p>\n\t\t\t<rs-module-wrap id=\"rev_slider_57_1_wrapper\" data-source=\"gallery\" style=\"visibility:hidden;background:transparent;padding:0;margin:0px auto;margin-top:0;margin-bottom:0;\">\n\t\t\t\t<rs-module id=\"rev_slider_57_1\" style=\"\" data-version=\"6.6.18\">\n\t\t\t\t\t<rs-slides style=\"overflow: hidden; position: absolute;\">\n\t\t\t\t\t\t<rs-slide style=\"position: absolute;\" data-key=\"rs-191\" data-title=\"Slide\" data-thumb=\"\/\/portomirabello.it\/wp-content\/uploads\/POSTI-BARCA-20-25-METRI_2000X650PX.jpg\" data-anim=\"adpr:false;\">\n\t\t\t\t\t\t\t<img decoding=\"async\" src=\"\/\/www.portomirabello.it\/wp-content\/plugins\/revslider\/public\/assets\/assets\/dummy.png\" alt=\"\" title=\"Posti barca da 20 a 25 metri\" class=\"rev-slidebg tp-rs-img rs-lazyload\" data-lazyload=\"\/\/portomirabello.it\/wp-content\/uploads\/POSTI-BARCA-20-25-METRI_2000X650PX.jpg\" data-no-retina>\n<!---->\t\t\t\t\t\t<\/rs-slide>\n\t\t\t\t\t\t<rs-slide style=\"position: absolute;\" data-key=\"rs-860\" data-title=\"Slide\" data-thumb=\"\/\/portomirabello.it\/wp-content\/uploads\/p02-1.jpg\" data-anim=\"ms:300,default;r:,0;\" data-in=\"o:0;\" data-out=\"a:false;\">\n\t\t\t\t\t\t\t<img decoding=\"async\" src=\"\/\/www.portomirabello.it\/wp-content\/plugins\/revslider\/public\/assets\/assets\/dummy.png\" alt=\"\" title=\"Posti barca da 20 a 25 metri\" class=\"rev-slidebg tp-rs-img rs-lazyload\" data-lazyload=\"\/\/portomirabello.it\/wp-content\/uploads\/p02-1.jpg\" data-no-retina>\n<!---->\t\t\t\t\t\t<\/rs-slide>\n\t\t\t\t\t\t<rs-slide style=\"position: absolute;\" data-key=\"rs-1022\" data-title=\"Slide\" data-thumb=\"\/\/portomirabello.it\/wp-content\/uploads\/p01-1.jpg\" data-anim=\"ms:300,default,default;r:,0,0;\" data-in=\"o:0;e:d,d;\" data-out=\"e:d,d;\" data-alttrans=\"fade\">\n\t\t\t\t\t\t\t<img decoding=\"async\" src=\"\/\/www.portomirabello.it\/wp-content\/plugins\/revslider\/public\/assets\/assets\/dummy.png\" alt=\"\" title=\"Posti barca da 20 a 25 metri\" class=\"rev-slidebg tp-rs-img rs-lazyload\" data-lazyload=\"\/\/portomirabello.it\/wp-content\/uploads\/p01-1.jpg\" data-no-retina>\n<!---->\t\t\t\t\t\t<\/rs-slide>\n\t\t\t\t\t<\/rs-slides>\n\t\t\t\t<\/rs-module>\n\t\t\t\t<script>\n\t\t\t\t\tsetREVStartSize({c: 'rev_slider_57_1',rl:[1240,1024,778,480],el:[],gw:[1240],gh:[360],type:'standard',justify:'',layout:'fullwidth',mh:\"0\"});if (window.RS_MODULES!==undefined && window.RS_MODULES.modules!==undefined && window.RS_MODULES.modules[\"revslider571\"]!==undefined) {window.RS_MODULES.modules[\"revslider571\"].once = false;window.revapi57 = undefined;if (window.RS_MODULES.checkMinimal!==undefined) window.RS_MODULES.checkMinimal()}\n\t\t\t\t<\/script>\n\t\t\t<\/rs-module-wrap>\n\t\t\t<!-- END REVOLUTION SLIDER -->\n<div class=\"fusion-fullwidth fullwidth-box fusion-fullwidth-1  fusion-parallax-none nonhundred-percent-fullwidth\" style=\"border-color:#eae9e9;border-bottom-width: 0px;border-top-width: 0px;border-bottom-style: solid;border-top-style: solid;padding-bottom:20px;padding-top:20px;padding-left:;padding-right:;background-color:rgba(255,255,255,0);\"><style type=\"text\/css\" scoped=\"scoped\">.fusion-fullwidth-1 {\n                            padding-left: px !important;\n                            padding-right: px !important;\n                        }<\/style><div class=\"fusion-row\"><div class=\"fusion-title title sep-underline sep-solid fusion-title-size-one\" style=\"border-bottom-color:#002d69;margin-top:20px;margin-bottom:15px;\"><h1 class=\"title-heading-left\">Vendita Posti Barca Yacht da 20 a 25 metri<\/h1><\/div><div class=\"fusion-one-half fusion-layout-column fusion-spacing-yes\" style=\"margin-top:0px;margin-bottom:20px;\"><div class=\"fusion-column-wrapper\"><p>I <a title=\"posti barca in vendita\" href=\"https:\/\/www.portomirabello.it\/it\/posti-barca\/posti-barca-da-12-a-18-metri\/\">posti barca<\/a> yacht da 20, 22, 24 e 25 metri, sono disposti in aree differenti della Marina, in maggioranza si trovano nella zona centrale della Marina in posizione molto riservata.<br \/>\nE\u2019 possibile scegliere fra quelli in prossimit\u00e0 delle stazioni di rifornimento ad alta portata e quelli posizionati nelle immediate vicinanze della piscina e dello Shopping Center.<br \/>\nOgni area \u00e8 dotata di telecontrollo, user video service, wi-fi, servizio di vigilanza 24h, strutture con vari servizi e docce a disposizione degli equipaggi, parcheggi e box auto sia in struttura coperta che in superficie anche di fronte all\u2019ormeggio. Ogni posto barca in vendita ha almeno un posto auto abbinato.<br \/>\nLo staff tecnico \u00e8 a disposizione 24h per le attivit\u00e0 di ormeggio e disormeggio delle imbarcazioni.<\/p>\n<p>Il <a href=\"https:\/\/www.portomirabello.it\/it\/societa\/reception\/\">Servizio Clienti<\/a>\u00a0 dispone di personale altamente qualificato per rispondere a tutte le necessit\u00e0 di armatori ed equipaggi, assicurandogli tranquillit\u00e0 e comodit\u00e0:<\/p>\n<ul>\n<li>Reception a disposizione per ogni esigenza<\/li>\n<li>Customer Care per rilevare la soddisfazione del Cliente e degli equipaggi<\/li>\n<li>Dogana per disbrigo pratiche<\/li>\n<li>Amministrazione<\/li>\n<\/ul>\n<p>Se volete riservare un ormeggio, siete pregati di compilare la form sottostante.<br \/>\nIl nostro Sales Team accoglier\u00e0 le richieste e vi fornir\u00e0 le informazioni a riguardo.<\/p>\n<div class=\"fusion-clearfix\"><\/div><\/div><\/div><div class=\"fusion-one-half fusion-layout-column fusion-column-last fusion-spacing-yes\" style=\"margin-top:0px;margin-bottom:20px;\"><div class=\"fusion-column-wrapper\">\n\t\t\t<!-- START slider posti barca 20 REVOLUTION SLIDER 6.6.18 --><p class=\"rs-p-wp-fix\"><\/p>\n\t\t\t<rs-module-wrap id=\"rev_slider_31_2_wrapper\" data-source=\"gallery\" style=\"visibility:hidden;background:transparent;padding:0;margin:0px auto;margin-top:0;margin-bottom:0;\">\n\t\t\t\t<rs-module id=\"rev_slider_31_2\" style=\"\" data-version=\"6.6.18\">\n\t\t\t\t\t<rs-slides style=\"overflow: hidden; position: absolute;\">\n\t\t\t\t\t\t<rs-slide style=\"position: absolute;\" data-key=\"rs-154\" data-title=\"Slide\" data-thumb=\"\/\/portomirabello.it\/wp-content\/uploads\/posti-barca-20_001-2.jpg\" data-anim=\"ms:300,default;r:,0;\" data-in=\"o:0;\" data-out=\"a:false;\">\n\t\t\t\t\t\t\t<img decoding=\"async\" src=\"\/\/www.portomirabello.it\/wp-content\/plugins\/revslider\/public\/assets\/assets\/dummy.png\" alt=\"\" title=\"Posti barca da 20 a 25 metri\" class=\"rev-slidebg tp-rs-img rs-lazyload\" data-lazyload=\"\/\/portomirabello.it\/wp-content\/uploads\/posti-barca-20_001-2.jpg\" data-no-retina>\n<!---->\t\t\t\t\t\t<\/rs-slide>\n\t\t\t\t\t\t<rs-slide style=\"position: absolute;\" data-key=\"rs-155\" data-title=\"Slide\" data-thumb=\"\/\/portomirabello.it\/wp-content\/uploads\/Portomirabello_20_25_IT_20160912.jpg\" data-anim=\"adpr:false;\">\n\t\t\t\t\t\t\t<img decoding=\"async\" src=\"\/\/www.portomirabello.it\/wp-content\/plugins\/revslider\/public\/assets\/assets\/dummy.png\" alt=\"\" title=\"Posti barca da 20 a 25 metri\" class=\"rev-slidebg tp-rs-img rs-lazyload\" data-lazyload=\"\/\/portomirabello.it\/wp-content\/uploads\/Portomirabello_20_25_IT_20160912.jpg\" data-no-retina>\n<!---->\t\t\t\t\t\t<\/rs-slide>\n\t\t\t\t\t\t<rs-slide style=\"position: absolute;\" data-key=\"rs-156\" data-title=\"Slide\" data-thumb=\"\/\/portomirabello.it\/wp-content\/uploads\/posti-barca-20_003.jpg\" data-anim=\"adpr:false;\">\n\t\t\t\t\t\t\t<img decoding=\"async\" src=\"\/\/www.portomirabello.it\/wp-content\/plugins\/revslider\/public\/assets\/assets\/dummy.png\" alt=\"\" title=\"Posti barca da 20 a 25 metri\" class=\"rev-slidebg tp-rs-img rs-lazyload\" data-lazyload=\"\/\/portomirabello.it\/wp-content\/uploads\/posti-barca-20_003.jpg\" data-no-retina>\n<!---->\t\t\t\t\t\t<\/rs-slide>\n\t\t\t\t\t<\/rs-slides>\n\t\t\t\t<\/rs-module>\n\t\t\t\t<script>\n\t\t\t\t\tsetREVStartSize({c: 'rev_slider_31_2',rl:[1240,1024,778,480],el:[],gw:[800],gh:[756],type:'standard',justify:'',layout:'fullwidth',mh:\"0\"});if (window.RS_MODULES!==undefined && window.RS_MODULES.modules!==undefined && window.RS_MODULES.modules[\"revslider312\"]!==undefined) {window.RS_MODULES.modules[\"revslider312\"].once = false;window.revapi31 = undefined;if (window.RS_MODULES.checkMinimal!==undefined) window.RS_MODULES.checkMinimal()}\n\t\t\t\t<\/script>\n\t\t\t<\/rs-module-wrap>\n\t\t\t<!-- END REVOLUTION SLIDER -->\n<div class=\"fusion-button-wrapper\"><style type=\"text\/css\" scoped=\"scoped\">.fusion-button.button-1 .fusion-button-text, .fusion-button.button-1 i {color:#ffffff;}.fusion-button.button-1 {border-width:2px;border-color:#ffffff;}.fusion-button.button-1 .fusion-button-icon-divider{border-color:#ffffff;}.fusion-button.button-1:hover .fusion-button-text, .fusion-button.button-1:hover i,.fusion-button.button-1:focus .fusion-button-text, .fusion-button.button-1:focus i,.fusion-button.button-1:active .fusion-button-text, .fusion-button.button-1:active{color:#ffffff;}.fusion-button.button-1:hover, .fusion-button.button-1:focus, .fusion-button.button-1:active{border-width:2px;border-color:#ffffff;}.fusion-button.button-1:hover .fusion-button-icon-divider, .fusion-button.button-1:hover .fusion-button-icon-divider, .fusion-button.button-1:active .fusion-button-icon-divider{border-color:#ffffff;}.fusion-button.button-1{background: #dd3333;}.fusion-button.button-1:hover,.button-1:focus,.fusion-button.button-1:active{background: #dd3333;}.fusion-button.button-1{width:100%;}<\/style><a class=\"fusion-button button-flat button-square button-xlarge button-custom button-1 allamappa\" target=\"_blank\" href=\"https:\/\/www.portomirabello.it\/it\/porto\/mappa\/\"><span class=\"fusion-button-text\">VAI ALLA MAPPA GENERALE<\/span><\/a><\/div><div class=\"fusion-clearfix\"><\/div><\/div><\/div><div class=\"fusion-clearfix\"><\/div><\/div><\/div><div class=\"fusion-fullwidth fullwidth-box fusion-fullwidth-2  fusion-parallax-none nonhundred-percent-fullwidth\" style=\"border-color:#eae9e9;border-bottom-width: 0px;border-top-width: 0px;border-bottom-style: solid;border-top-style: solid;padding-bottom:20px;padding-top:20px;padding-left:;padding-right:;background-color:#f4f6f6;\"><style type=\"text\/css\" scoped=\"scoped\">.fusion-fullwidth-2 {\n                            padding-left: px !important;\n                            padding-right: px !important;\n                        }<\/style><div class=\"fusion-row\"><div class=\"fusion-one-half fusion-layout-column fusion-spacing-yes\" style=\"margin-top:0px;margin-bottom:20px;\"><div class=\"fusion-column-wrapper\"><p><strong>Barbara Martinelli (<b>Sales Manager<\/b>)<\/strong><br \/>\n<a href=\"mailto:salesdepartment@portomirabello.it\">salesdepartment@portomirabello.it<\/a><br \/>\n0039 340 8399767<\/p>\n<p><strong>Martina Peluso (<b>Sales Manager<\/b>)<\/strong><br \/>\n<a href=\"mailto:salesdepartment@portomirabello.it\">salesdepartment@portomirabello.it<\/a><br \/>\n0039 345 8303252<\/p>\n<div class=\"fusion-clearfix\"><\/div><\/div><\/div><div class=\"fusion-one-half fusion-layout-column fusion-column-last fusion-spacing-yes\" style=\"margin-top:0px;margin-bottom:20px;\"><div class=\"fusion-column-wrapper\"><p><strong>Rosalba Salamanca (<\/strong><b>Marketing Manager<\/b><strong>)<br \/>\n<a href=\"mailto:salamanca@portomirabello.it\">salamanca@portomirabello.it<\/a><\/strong><br \/>\n+39 335 5737937<\/p>\n<div class=\"fusion-clearfix\"><\/div><\/div><\/div><div class=\"fusion-clearfix\"><\/div>\n<div class=\"wpcf7 no-js\" id=\"wpcf7-f3-o1\" lang=\"it-IT\" dir=\"ltr\" data-wpcf7-id=\"3\">\n<div class=\"screen-reader-response\"><p role=\"status\" aria-live=\"polite\" aria-atomic=\"true\"><\/p> <ul><\/ul><\/div>\n<form action=\"\/it\/wp-json\/wp\/v2\/pages\/217#wpcf7-f3-o1\" method=\"post\" class=\"wpcf7-form init\" aria-label=\"Modulo di contatto\" novalidate=\"novalidate\" data-status=\"init\">\n<div style=\"display: none;\">\n<input type=\"hidden\" name=\"_wpcf7\" value=\"3\" \/>\n<input type=\"hidden\" name=\"_wpcf7_version\" value=\"6.0.6\" \/>\n<input type=\"hidden\" name=\"_wpcf7_locale\" value=\"it_IT\" \/>\n<input type=\"hidden\" name=\"_wpcf7_unit_tag\" value=\"wpcf7-f3-o1\" \/>\n<input type=\"hidden\" name=\"_wpcf7_container_post\" value=\"0\" \/>\n<input type=\"hidden\" name=\"_wpcf7_posted_data_hash\" value=\"\" \/>\n<\/div>\n<p>Il tuo nome (richiesto)\n<\/p>\n<p><span class=\"wpcf7-form-control-wrap\" data-name=\"your-name\"><input size=\"40\" maxlength=\"400\" class=\"wpcf7-form-control wpcf7-text wpcf7-validates-as-required\" aria-required=\"true\" aria-invalid=\"false\" value=\"\" type=\"text\" name=\"your-name\" \/><\/span>\n<\/p>\n<p>La tua email (richiesto)\n<\/p>\n<p><span class=\"wpcf7-form-control-wrap\" data-name=\"your-email\"><input size=\"40\" maxlength=\"400\" class=\"wpcf7-form-control wpcf7-email wpcf7-validates-as-required wpcf7-text wpcf7-validates-as-email\" aria-required=\"true\" aria-invalid=\"false\" value=\"\" type=\"email\" name=\"your-email\" \/><\/span>\n<\/p>\n<p>Telefono\n<\/p>\n<p><span class=\"wpcf7-form-control-wrap\" data-name=\"your-phone\"><input size=\"40\" maxlength=\"400\" class=\"wpcf7-form-control wpcf7-text\" aria-invalid=\"false\" value=\"\" type=\"text\" name=\"your-phone\" \/><\/span>\n<\/p>\n<p>Il tuo messaggio\n<\/p>\n<p><span class=\"wpcf7-form-control-wrap\" data-name=\"your-message\"><textarea cols=\"40\" rows=\"10\" maxlength=\"2000\" class=\"wpcf7-form-control wpcf7-textarea\" aria-invalid=\"false\" name=\"your-message\"><\/textarea><\/span>\n<\/p>\n<p><span class=\"wpcf7-form-control-wrap\" data-name=\"privacy\"><span class=\"wpcf7-form-control wpcf7-acceptance\"><span class=\"wpcf7-list-item\"><input type=\"checkbox\" name=\"privacy\" value=\"1\" aria-invalid=\"false\" \/><\/span><\/span><\/span><span style=\" font-size:14px;\">Ho letto l'<a href=\"https:\/\/www.iubenda.com\/privacy-policy\/47124396\/legal?from_cookie_policy=true&an=no\" target=\"blank\">informativa privacy<\/a><\/span>\n<\/p>\n<p><input class=\"wpcf7-form-control wpcf7-submit has-spinner\" type=\"submit\" value=\"Invia\" \/>\n<\/p><div class=\"wpcf7-response-output\" aria-hidden=\"true\"><\/div>\n<\/form>\n<\/div>\n<\/div><\/div>\n","protected":false},"excerpt":{"rendered":"","protected":false},"author":3,"featured_media":0,"parent":137,"menu_order":0,"comment_status":"closed","ping_status":"closed","template":"100-width.php","meta":{"footnotes":""},"class_list":["post-217","page","type-page","status-publish","hentry"],"yoast_head":"<!-- This site is optimized with the Yoast SEO plugin v25.0 - https:\/\/yoast.com\/wordpress\/plugins\/seo\/ -->\n<title>Vendita posti barca yacht da 20 a 25 metri - Porto Mirabello<\/title>\n<meta name=\"description\" content=\"Vendita posti barca yacht in Liguria. Posti barca per Yacht da 20 a 25 metri presso Porto Mirabello. Prezzo bloccato per 15 anni.\" \/>\n<meta name=\"robots\" content=\"index, follow, max-snippet:-1, max-image-preview:large, max-video-preview:-1\" \/>\n<link rel=\"canonical\" href=\"https:\/\/www.portomirabello.it\/it\/posti-barca\/posti-barca-da-20-a-25-metri\/\" \/>\n<meta property=\"og:locale\" content=\"it_IT\" \/>\n<meta property=\"og:type\" content=\"article\" \/>\n<meta property=\"og:title\" content=\"Vendita posti barca yacht da 20 a 25 metri - Porto Mirabello\" \/>\n<meta property=\"og:description\" content=\"Vendita posti barca yacht in Liguria. Posti barca per Yacht da 20 a 25 metri presso Porto Mirabello. Prezzo bloccato per 15 anni.\" \/>\n<meta property=\"og:url\" content=\"https:\/\/www.portomirabello.it\/it\/posti-barca\/posti-barca-da-20-a-25-metri\/\" \/>\n<meta property=\"og:site_name\" content=\"Porto Mirabello\" \/>\n<meta property=\"article:publisher\" content=\"https:\/\/www.facebook.com\/PortoMirabello\/\" \/>\n<meta property=\"article:modified_time\" content=\"2020-01-13T13:29:47+00:00\" \/>\n<meta name=\"twitter:card\" content=\"summary_large_image\" \/>\n<meta name=\"twitter:site\" content=\"@portomirabello\" \/>\n<meta name=\"twitter:label1\" content=\"Tempo di lettura stimato\" \/>\n\t<meta name=\"twitter:data1\" content=\"4 minuti\" \/>\n<script type=\"application\/ld+json\" class=\"yoast-schema-graph\">{\"@context\":\"https:\/\/schema.org\",\"@graph\":[{\"@type\":\"WebPage\",\"@id\":\"https:\/\/www.portomirabello.it\/it\/posti-barca\/posti-barca-da-20-a-25-metri\/\",\"url\":\"https:\/\/www.portomirabello.it\/it\/posti-barca\/posti-barca-da-20-a-25-metri\/\",\"name\":\"Vendita posti barca yacht da 20 a 25 metri - Porto Mirabello\",\"isPartOf\":{\"@id\":\"https:\/\/www.portomirabello.it\/en\/#website\"},\"datePublished\":\"2016-02-12T21:57:48+00:00\",\"dateModified\":\"2020-01-13T13:29:47+00:00\",\"description\":\"Vendita posti barca yacht in Liguria. Posti barca per Yacht da 20 a 25 metri presso Porto Mirabello. Prezzo bloccato per 15 anni.\",\"breadcrumb\":{\"@id\":\"https:\/\/www.portomirabello.it\/it\/posti-barca\/posti-barca-da-20-a-25-metri\/#breadcrumb\"},\"inLanguage\":\"it-IT\",\"potentialAction\":[{\"@type\":\"ReadAction\",\"target\":[\"https:\/\/www.portomirabello.it\/it\/posti-barca\/posti-barca-da-20-a-25-metri\/\"]}]},{\"@type\":\"BreadcrumbList\",\"@id\":\"https:\/\/www.portomirabello.it\/it\/posti-barca\/posti-barca-da-20-a-25-metri\/#breadcrumb\",\"itemListElement\":[{\"@type\":\"ListItem\",\"position\":1,\"name\":\"Home\",\"item\":\"https:\/\/www.portomirabello.it\/it\/\"},{\"@type\":\"ListItem\",\"position\":2,\"name\":\"Posti barca\",\"item\":\"https:\/\/www.portomirabello.it\/it\/posti-barca\/\"},{\"@type\":\"ListItem\",\"position\":3,\"name\":\"Posti barca da 20 a 25 metri\"}]},{\"@type\":\"WebSite\",\"@id\":\"https:\/\/www.portomirabello.it\/en\/#website\",\"url\":\"https:\/\/www.portomirabello.it\/en\/\",\"name\":\"Porto Mirabello\",\"description\":\"Mediterannean superyacht marinas La Spezia Italy\",\"potentialAction\":[{\"@type\":\"SearchAction\",\"target\":{\"@type\":\"EntryPoint\",\"urlTemplate\":\"https:\/\/www.portomirabello.it\/en\/?s={search_term_string}\"},\"query-input\":{\"@type\":\"PropertyValueSpecification\",\"valueRequired\":true,\"valueName\":\"search_term_string\"}}],\"inLanguage\":\"it-IT\"}]}<\/script>\n<!-- \/ Yoast SEO plugin. -->","yoast_head_json":{"title":"Vendita posti barca yacht da 20 a 25 metri - Porto Mirabello","description":"Vendita posti barca yacht in Liguria. Posti barca per Yacht da 20 a 25 metri presso Porto Mirabello. Prezzo bloccato per 15 anni.","robots":{"index":"index","follow":"follow","max-snippet":"max-snippet:-1","max-image-preview":"max-image-preview:large","max-video-preview":"max-video-preview:-1"},"canonical":"https:\/\/www.portomirabello.it\/it\/posti-barca\/posti-barca-da-20-a-25-metri\/","og_locale":"it_IT","og_type":"article","og_title":"Vendita posti barca yacht da 20 a 25 metri - Porto Mirabello","og_description":"Vendita posti barca yacht in Liguria. Posti barca per Yacht da 20 a 25 metri presso Porto Mirabello. Prezzo bloccato per 15 anni.","og_url":"https:\/\/www.portomirabello.it\/it\/posti-barca\/posti-barca-da-20-a-25-metri\/","og_site_name":"Porto Mirabello","article_publisher":"https:\/\/www.facebook.com\/PortoMirabello\/","article_modified_time":"2020-01-13T13:29:47+00:00","twitter_card":"summary_large_image","twitter_site":"@portomirabello","twitter_misc":{"Tempo di lettura stimato":"4 minuti"},"schema":{"@context":"https:\/\/schema.org","@graph":[{"@type":"WebPage","@id":"https:\/\/www.portomirabello.it\/it\/posti-barca\/posti-barca-da-20-a-25-metri\/","url":"https:\/\/www.portomirabello.it\/it\/posti-barca\/posti-barca-da-20-a-25-metri\/","name":"Vendita posti barca yacht da 20 a 25 metri - Porto Mirabello","isPartOf":{"@id":"https:\/\/www.portomirabello.it\/en\/#website"},"datePublished":"2016-02-12T21:57:48+00:00","dateModified":"2020-01-13T13:29:47+00:00","description":"Vendita posti barca yacht in Liguria. Posti barca per Yacht da 20 a 25 metri presso Porto Mirabello. Prezzo bloccato per 15 anni.","breadcrumb":{"@id":"https:\/\/www.portomirabello.it\/it\/posti-barca\/posti-barca-da-20-a-25-metri\/#breadcrumb"},"inLanguage":"it-IT","potentialAction":[{"@type":"ReadAction","target":["https:\/\/www.portomirabello.it\/it\/posti-barca\/posti-barca-da-20-a-25-metri\/"]}]},{"@type":"BreadcrumbList","@id":"https:\/\/www.portomirabello.it\/it\/posti-barca\/posti-barca-da-20-a-25-metri\/#breadcrumb","itemListElement":[{"@type":"ListItem","position":1,"name":"Home","item":"https:\/\/www.portomirabello.it\/it\/"},{"@type":"ListItem","position":2,"name":"Posti barca","item":"https:\/\/www.portomirabello.it\/it\/posti-barca\/"},{"@type":"ListItem","position":3,"name":"Posti barca da 20 a 25 metri"}]},{"@type":"WebSite","@id":"https:\/\/www.portomirabello.it\/en\/#website","url":"https:\/\/www.portomirabello.it\/en\/","name":"Porto Mirabello","description":"Mediterannean superyacht marinas La Spezia Italy","potentialAction":[{"@type":"SearchAction","target":{"@type":"EntryPoint","urlTemplate":"https:\/\/www.portomirabello.it\/en\/?s={search_term_string}"},"query-input":{"@type":"PropertyValueSpecification","valueRequired":true,"valueName":"search_term_string"}}],"inLanguage":"it-IT"}]}},"_links":{"self":[{"href":"https:\/\/www.portomirabello.it\/it\/wp-json\/wp\/v2\/pages\/217","targetHints":{"allow":["GET"]}}],"collection":[{"href":"https:\/\/www.portomirabello.it\/it\/wp-json\/wp\/v2\/pages"}],"about":[{"href":"https:\/\/www.portomirabello.it\/it\/wp-json\/wp\/v2\/types\/page"}],"author":[{"embeddable":true,"href":"https:\/\/www.portomirabello.it\/it\/wp-json\/wp\/v2\/users\/3"}],"replies":[{"embeddable":true,"href":"https:\/\/www.portomirabello.it\/it\/wp-json\/wp\/v2\/comments?post=217"}],"version-history":[{"count":30,"href":"https:\/\/www.portomirabello.it\/it\/wp-json\/wp\/v2\/pages\/217\/revisions"}],"predecessor-version":[{"id":48212,"href":"https:\/\/www.portomirabello.it\/it\/wp-json\/wp\/v2\/pages\/217\/revisions\/48212"}],"up":[{"embeddable":true,"href":"https:\/\/www.portomirabello.it\/it\/wp-json\/wp\/v2\/pages\/137"}],"wp:attachment":[{"href":"https:\/\/www.portomirabello.it\/it\/wp-json\/wp\/v2\/media?parent=217"}],"curies":[{"name":"wp","href":"https:\/\/api.w.org\/{rel}","templated":true}]}}