{"id":137,"date":"2016-02-12T14:14:39","date_gmt":"2016-02-12T14:14:39","guid":{"rendered":"https:\/\/www.portomirabello.it\/it\/?page_id=137"},"modified":"2023-07-05T14:50:57","modified_gmt":"2023-07-05T12:50:57","slug":"posti-barca","status":"publish","type":"page","link":"https:\/\/www.portomirabello.it\/it\/posti-barca\/","title":{"rendered":"Posti barca"},"content":{"rendered":"\n\t\t\t<!-- START header posti barca REVOLUTION SLIDER 6.6.18 --><p class=\"rs-p-wp-fix\"><\/p>\n\t\t\t<rs-module-wrap id=\"rev_slider_55_1_wrapper\" data-source=\"gallery\" style=\"visibility:hidden;background:transparent;padding:0;margin:0px auto;margin-top:0;margin-bottom:0;\">\n\t\t\t\t<rs-module id=\"rev_slider_55_1\" style=\"\" data-version=\"6.6.18\">\n\t\t\t\t\t<rs-slides style=\"overflow: hidden; position: absolute;\">\n\t\t\t\t\t\t<rs-slide style=\"position: absolute;\" data-key=\"rs-189\" data-title=\"Slide\" data-anim=\"adpr:false;\">\n\t\t\t\t\t\t\t<img decoding=\"async\" src=\"\/\/www.portomirabello.it\/wp-content\/plugins\/revslider\/public\/assets\/assets\/dummy.png\" alt=\"\" title=\"Posti barca\" class=\"rev-slidebg tp-rs-img rs-lazyload\" data-lazyload=\"\/\/portomirabello.it\/wp-content\/uploads\/PostiBarca_2000x650.jpg\" data-bg=\"p:center bottom;\" data-no-retina>\n<!---->\t\t\t\t\t\t<\/rs-slide>\n\t\t\t\t\t<\/rs-slides>\n\t\t\t\t<\/rs-module>\n\t\t\t\t<script>\n\t\t\t\t\tsetREVStartSize({c: 'rev_slider_55_1',rl:[1240,1024,778,480],el:[],gw:[1240],gh:[360],type:'standard',justify:'',layout:'fullwidth',mh:\"0\"});if (window.RS_MODULES!==undefined && window.RS_MODULES.modules!==undefined && window.RS_MODULES.modules[\"revslider551\"]!==undefined) {window.RS_MODULES.modules[\"revslider551\"].once = false;window.revapi55 = undefined;if (window.RS_MODULES.checkMinimal!==undefined) window.RS_MODULES.checkMinimal()}\n\t\t\t\t<\/script>\n\t\t\t<\/rs-module-wrap>\n\t\t\t<!-- END REVOLUTION SLIDER -->\n<div class=\"fusion-fullwidth fullwidth-box fusion-fullwidth-1  fusion-parallax-none nonhundred-percent-fullwidth\" style=\"border-color:#eae9e9;border-bottom-width: 0px;border-top-width: 0px;border-bottom-style: solid;border-top-style: solid;padding-bottom:20px;padding-top:20px;padding-left:;padding-right:;background-color:rgba(255,255,255,0);\"><style type=\"text\/css\" scoped=\"scoped\">.fusion-fullwidth-1 {\n                            padding-left: px !important;\n                            padding-right: px !important;\n                        }<\/style><div class=\"fusion-row\"><div class=\"fusion-title title sep-underline sep-solid fusion-title-size-one\" style=\"border-bottom-color:#002d69;margin-top:20px;margin-bottom:15px;\"><h1 class=\"title-heading-left\">Posti barca<\/h1><\/div><div class=\"fusion-one-half fusion-layout-column fusion-spacing-yes\" style=\"margin-top:0px;margin-bottom:20px;\"><div class=\"fusion-column-wrapper\"><p>PortoMirabello \u00e8 composto in totale da 407 posti barca per yacht a partire da 12 metri, 100 dei quali destinati a super yacht da 24 a 140 m. L\u2019area di PortoMirabello offre inoltre ai propri clienti, la disponibilit\u00e0 di 1300 parcheggi privati e 287 Box auto sia in struttura coperta che in superficie anche di fronte all\u2019ormeggio. Ogni posto barca ha almeno un posto auto abbinato. La concessione per un ormeggio a PortoMirabello \u00e8 di 60 anni, arco di tempo nel quale il valore \u00e8 destinato a crescere.<\/p>\n<p>Oggi pi\u00f9 che mai garantirsi un posto barca \u00e8 divenuta una priorit\u00e0: la flotta globale degli yacht \u00e8 in crescita e si prevede un aumento esponenziale in futuro soprattutto nelle grandi dimensioni. Come riporta il Global Order Book 2018 (ENG), ci sono 773 yacht dai 24 m e oltre in costruzione o in ordine. Inoltre l\u2019interesse per l\u2019acquisto di contratti di ormeggio \u00e8 aumentato drasticamente. La maggior richiesta interessa marine situate in Costa Azzurra (dove per\u00f2 la prevalenza delle concessioni \u00e8 in scadenza a breve) e nell\u2019alto Tirreno. La crescita costante degli ordini nei cantieri, sembra indicare una carenza di strutture in grado di ospitare le nuove imbarcazioni ed \u00e8 evidente che negli anni a venire si assister\u00e0 alla corsa all\u2019ormeggio.<\/p>\n<p>Quali aspetti fondamentale per valutare la scelta dell\u2019ormeggio:<\/p>\n<p>LOCATION<br \/>\nStrategica, che ci permetta di utilizzare con maggiore frequenza il nostro yacht, vicina o facilmente raggiungibile in auto, aereo o persino in elicottero, posizionata su un mare pulito, con isole vicine, un entroterra interessante e vicino a grandi citt\u00e0.<\/p>\n<p>STRUTTURA<br \/>\nPredisposta con servizi adatti ad accogliere yacht e superyacht che esigono attrezzature tecnologicamente avanzate ad alta portata, pontili fissi con doppia bitta resistente a qualsiasi moto ondoso, colonnine per l\u2019energia elettrica e servizio idrico, predisposte per erogare fino ed oltre 1000 Amp, stazioni carburante con pompe ad alta portata in grado di erogare 500 litri di gasolio al minuto \/ 30.000 litri\/ora.<\/p>\n<p>SERVIZI<\/p>\n<ul>\n<li>407 posti barca con concessione demaniale di 60 anni, a partire da 12 metri, 100 dei quali destinati a super yacht da 24 a 140 m.<\/li>\n<li>Shipyard Team sempre presente nel porto, per risolvere ogni problema con le barche sia al molo che in cantiere<\/li>\n<li>Staff tecnico disponibile 24 H per assistenza e supporto a qualsiasi problema di navigazione<\/li>\n<li>Ufficio Clienti<\/li>\n<li>Concierge<\/li>\n<li>Servizio di ristorazione per grandi cucine, con consegna a bordo<\/li>\n<li>11 locali fra bar, ristoranti e bistrot e un English Pub<\/li>\n<li>Palestra esclusiva per comandanti ed equipaggi<\/li>\n<li>Wellness centre<\/li>\n<li>Courtesy car elettriche, noleggio scooter, biciclette per brevi spostamenti<\/li>\n<li>Eliporto e Shuttle Service per lunghi tragitti<\/li>\n<li>Marina completamente recintata con servizio di sicurezza 24 H, 90 videocamere di ultima generazione e sorveglianza interna ed esterna in aree specifiche&lt;<\/li>\n<li>Due stazioni di rifornimento ad alta portata (SIF)<\/li>\n<li>1300 parcheggi e 287 box auto anche di fronte all\u2019ormeggio<\/li>\n<li>Servizio Meteo<\/li>\n<li>Protezione Catodica<\/li>\n<\/ul>\n<p>L\u2019Ufficio Commerciale gestisce posti <a title=\"posti barca in vendita\" href=\"https:\/\/www.portomirabello.it\/it\/posti-barca\/posti-barca-in-vendita\/\">posti barca in vendita<\/a> e <a href=\"https:\/\/www.portomirabello.it\/it\/posti-barca\/affitto-posti-barca\/\" data-wplink-edit=\"true\">posti barca in affitto<\/a><\/p>\n<div class=\"fusion-clearfix\"><\/div><\/div><\/div><div class=\"fusion-one-half fusion-layout-column fusion-column-last fusion-spacing-yes\" style=\"margin-top:0px;margin-bottom:20px;\"><div class=\"fusion-column-wrapper\">\n\t\t\t<!-- START slider posti barca REVOLUTION SLIDER 6.6.18 --><p class=\"rs-p-wp-fix\"><\/p>\n\t\t\t<rs-module-wrap id=\"rev_slider_29_2_wrapper\" data-source=\"gallery\" style=\"visibility:hidden;background:transparent;padding:0;margin:0px auto;margin-top:0;margin-bottom:0;\">\n\t\t\t\t<rs-module id=\"rev_slider_29_2\" style=\"\" data-version=\"6.6.18\">\n\t\t\t\t\t<rs-slides style=\"overflow: hidden; position: absolute;\">\n\t\t\t\t\t\t<rs-slide style=\"position: absolute;\" data-key=\"rs-144\" data-title=\"Slide\" data-thumb=\"\/\/portomirabello.it\/wp-content\/uploads\/posti-barca_001.jpg\" data-anim=\"adpr:false;\">\n\t\t\t\t\t\t\t<img decoding=\"async\" src=\"\/\/www.portomirabello.it\/wp-content\/plugins\/revslider\/public\/assets\/assets\/dummy.png\" alt=\"\" title=\"Posti barca\" class=\"rev-slidebg tp-rs-img rs-lazyload\" data-lazyload=\"\/\/portomirabello.it\/wp-content\/uploads\/posti-barca_001.jpg\" data-no-retina>\n<!---->\t\t\t\t\t\t<\/rs-slide>\n\t\t\t\t\t\t<rs-slide style=\"position: absolute;\" data-key=\"rs-145\" data-title=\"Slide\" data-thumb=\"\/\/portomirabello.it\/wp-content\/uploads\/posti-barca_002.jpg\" data-anim=\"adpr:false;\">\n\t\t\t\t\t\t\t<img decoding=\"async\" src=\"\/\/www.portomirabello.it\/wp-content\/plugins\/revslider\/public\/assets\/assets\/dummy.png\" alt=\"\" title=\"Posti barca\" class=\"rev-slidebg tp-rs-img rs-lazyload\" data-lazyload=\"\/\/portomirabello.it\/wp-content\/uploads\/posti-barca_002.jpg\" data-no-retina>\n<!---->\t\t\t\t\t\t<\/rs-slide>\n\t\t\t\t\t\t<rs-slide style=\"position: absolute;\" data-key=\"rs-146\" data-title=\"Slide\" data-thumb=\"\/\/portomirabello.it\/wp-content\/uploads\/posti-barca_003.jpg\" data-anim=\"adpr:false;\">\n\t\t\t\t\t\t\t<img decoding=\"async\" src=\"\/\/www.portomirabello.it\/wp-content\/plugins\/revslider\/public\/assets\/assets\/dummy.png\" alt=\"\" title=\"Posti barca\" class=\"rev-slidebg tp-rs-img rs-lazyload\" data-lazyload=\"\/\/portomirabello.it\/wp-content\/uploads\/posti-barca_003.jpg\" data-no-retina>\n<!---->\t\t\t\t\t\t<\/rs-slide>\n\t\t\t\t\t\t<rs-slide style=\"position: absolute;\" data-key=\"rs-147\" data-title=\"Slide\" data-thumb=\"\/\/portomirabello.it\/wp-content\/uploads\/posti-barca_004.jpg\" data-anim=\"adpr:false;\">\n\t\t\t\t\t\t\t<img decoding=\"async\" src=\"\/\/www.portomirabello.it\/wp-content\/plugins\/revslider\/public\/assets\/assets\/dummy.png\" alt=\"\" title=\"Posti barca\" class=\"rev-slidebg tp-rs-img rs-lazyload\" data-lazyload=\"\/\/portomirabello.it\/wp-content\/uploads\/posti-barca_004.jpg\" data-no-retina>\n<!---->\t\t\t\t\t\t<\/rs-slide>\n\t\t\t\t\t\t<rs-slide style=\"position: absolute;\" data-key=\"rs-148\" data-title=\"Slide\" data-thumb=\"\/\/portomirabello.it\/wp-content\/uploads\/posti-barca_005.jpg\" data-anim=\"adpr:false;\">\n\t\t\t\t\t\t\t<img decoding=\"async\" src=\"\/\/www.portomirabello.it\/wp-content\/plugins\/revslider\/public\/assets\/assets\/dummy.png\" alt=\"\" title=\"Posti barca\" class=\"rev-slidebg tp-rs-img rs-lazyload\" data-lazyload=\"\/\/portomirabello.it\/wp-content\/uploads\/posti-barca_005.jpg\" data-no-retina>\n<!---->\t\t\t\t\t\t<\/rs-slide>\n\t\t\t\t\t\t<rs-slide style=\"position: absolute;\" data-key=\"rs-149\" data-title=\"Slide\" data-thumb=\"\/\/portomirabello.it\/wp-content\/uploads\/posti-barca_006.jpg\" data-anim=\"adpr:false;\">\n\t\t\t\t\t\t\t<img decoding=\"async\" src=\"\/\/www.portomirabello.it\/wp-content\/plugins\/revslider\/public\/assets\/assets\/dummy.png\" alt=\"\" title=\"Posti barca\" class=\"rev-slidebg tp-rs-img rs-lazyload\" data-lazyload=\"\/\/portomirabello.it\/wp-content\/uploads\/posti-barca_006.jpg\" data-no-retina>\n<!---->\t\t\t\t\t\t<\/rs-slide>\n\t\t\t\t\t\t<rs-slide style=\"position: absolute;\" data-key=\"rs-150\" data-title=\"Slide\" data-thumb=\"\/\/portomirabello.it\/wp-content\/uploads\/posti-barca_007.jpg\" data-anim=\"adpr:false;\">\n\t\t\t\t\t\t\t<img decoding=\"async\" src=\"\/\/www.portomirabello.it\/wp-content\/plugins\/revslider\/public\/assets\/assets\/dummy.png\" alt=\"\" title=\"Posti barca\" class=\"rev-slidebg tp-rs-img rs-lazyload\" data-lazyload=\"\/\/portomirabello.it\/wp-content\/uploads\/posti-barca_007.jpg\" data-no-retina>\n<!---->\t\t\t\t\t\t<\/rs-slide>\n\t\t\t\t\t\t<rs-slide style=\"position: absolute;\" data-key=\"rs-151\" data-title=\"Slide\" data-thumb=\"\/\/portomirabello.it\/wp-content\/uploads\/posti-barca_008.jpg\" data-anim=\"adpr:false;\">\n\t\t\t\t\t\t\t<img decoding=\"async\" src=\"\/\/www.portomirabello.it\/wp-content\/plugins\/revslider\/public\/assets\/assets\/dummy.png\" alt=\"\" title=\"Posti barca\" class=\"rev-slidebg tp-rs-img rs-lazyload\" data-lazyload=\"\/\/portomirabello.it\/wp-content\/uploads\/posti-barca_008.jpg\" data-no-retina>\n<!---->\t\t\t\t\t\t<\/rs-slide>\n\t\t\t\t\t<\/rs-slides>\n\t\t\t\t<\/rs-module>\n\t\t\t\t<script>\n\t\t\t\t\tsetREVStartSize({c: 'rev_slider_29_2',rl:[1240,1024,778,480],el:[],gw:[800],gh:[756],type:'standard',justify:'',layout:'fullwidth',mh:\"0\"});if (window.RS_MODULES!==undefined && window.RS_MODULES.modules!==undefined && window.RS_MODULES.modules[\"revslider292\"]!==undefined) {window.RS_MODULES.modules[\"revslider292\"].once = false;window.revapi29 = undefined;if (window.RS_MODULES.checkMinimal!==undefined) window.RS_MODULES.checkMinimal()}\n\t\t\t\t<\/script>\n\t\t\t<\/rs-module-wrap>\n\t\t\t<!-- END REVOLUTION SLIDER -->\n<div class=\"fusion-clearfix\"><\/div><\/div><\/div><div class=\"fusion-clearfix\"><\/div><\/div><\/div><div class=\"fusion-fullwidth fullwidth-box fusion-fullwidth-2  fusion-parallax-none nonhundred-percent-fullwidth\" style=\"border-color:#eae9e9;border-bottom-width: 0px;border-top-width: 0px;border-bottom-style: solid;border-top-style: solid;padding-bottom:20px;padding-top:20px;padding-left:;padding-right:;background-color:#f4f6f6;\"><style type=\"text\/css\" scoped=\"scoped\">.fusion-fullwidth-2 {\n                            padding-left: px !important;\n                            padding-right: px !important;\n                        }<\/style><div class=\"fusion-row\"><p>Contatti:<br \/>\ntel. +39 0187 778108<br \/>\nfax +39 0187 739955<\/p>\n\n<div class=\"wpcf7 no-js\" id=\"wpcf7-f3-o1\" lang=\"it-IT\" dir=\"ltr\" data-wpcf7-id=\"3\">\n<div class=\"screen-reader-response\"><p role=\"status\" aria-live=\"polite\" aria-atomic=\"true\"><\/p> <ul><\/ul><\/div>\n<form action=\"\/it\/wp-json\/wp\/v2\/pages\/137#wpcf7-f3-o1\" method=\"post\" class=\"wpcf7-form init\" aria-label=\"Modulo di contatto\" novalidate=\"novalidate\" data-status=\"init\">\n<div style=\"display: none;\">\n<input type=\"hidden\" name=\"_wpcf7\" value=\"3\" \/>\n<input type=\"hidden\" name=\"_wpcf7_version\" value=\"6.0.6\" \/>\n<input type=\"hidden\" name=\"_wpcf7_locale\" value=\"it_IT\" \/>\n<input type=\"hidden\" name=\"_wpcf7_unit_tag\" value=\"wpcf7-f3-o1\" \/>\n<input type=\"hidden\" name=\"_wpcf7_container_post\" value=\"0\" \/>\n<input type=\"hidden\" name=\"_wpcf7_posted_data_hash\" value=\"\" \/>\n<\/div>\n<p>Il tuo nome (richiesto)\n<\/p>\n<p><span class=\"wpcf7-form-control-wrap\" data-name=\"your-name\"><input size=\"40\" maxlength=\"400\" class=\"wpcf7-form-control wpcf7-text wpcf7-validates-as-required\" aria-required=\"true\" aria-invalid=\"false\" value=\"\" type=\"text\" name=\"your-name\" \/><\/span>\n<\/p>\n<p>La tua email (richiesto)\n<\/p>\n<p><span class=\"wpcf7-form-control-wrap\" data-name=\"your-email\"><input size=\"40\" maxlength=\"400\" class=\"wpcf7-form-control wpcf7-email wpcf7-validates-as-required wpcf7-text wpcf7-validates-as-email\" aria-required=\"true\" aria-invalid=\"false\" value=\"\" type=\"email\" name=\"your-email\" \/><\/span>\n<\/p>\n<p>Telefono\n<\/p>\n<p><span class=\"wpcf7-form-control-wrap\" data-name=\"your-phone\"><input size=\"40\" maxlength=\"400\" class=\"wpcf7-form-control wpcf7-text\" aria-invalid=\"false\" value=\"\" type=\"text\" name=\"your-phone\" \/><\/span>\n<\/p>\n<p>Il tuo messaggio\n<\/p>\n<p><span class=\"wpcf7-form-control-wrap\" data-name=\"your-message\"><textarea cols=\"40\" rows=\"10\" maxlength=\"2000\" class=\"wpcf7-form-control wpcf7-textarea\" aria-invalid=\"false\" name=\"your-message\"><\/textarea><\/span>\n<\/p>\n<p><span class=\"wpcf7-form-control-wrap\" data-name=\"privacy\"><span class=\"wpcf7-form-control wpcf7-acceptance\"><span class=\"wpcf7-list-item\"><input type=\"checkbox\" name=\"privacy\" value=\"1\" aria-invalid=\"false\" \/><\/span><\/span><\/span><span style=\" font-size:14px;\">Ho letto l'<a href=\"https:\/\/www.iubenda.com\/privacy-policy\/47124396\/legal?from_cookie_policy=true&an=no\" target=\"blank\">informativa privacy<\/a><\/span>\n<\/p>\n<p><input class=\"wpcf7-form-control wpcf7-submit has-spinner\" type=\"submit\" value=\"Invia\" \/>\n<\/p><div class=\"wpcf7-response-output\" aria-hidden=\"true\"><\/div>\n<\/form>\n<\/div>\n<\/div><\/div>\n","protected":false},"excerpt":{"rendered":"","protected":false},"author":3,"featured_media":0,"parent":0,"menu_order":0,"comment_status":"closed","ping_status":"closed","template":"100-width.php","meta":{"footnotes":""},"class_list":["post-137","page","type-page","status-publish","hentry"],"yoast_head":"<!-- This site is optimized with the Yoast SEO plugin v25.0 - https:\/\/yoast.com\/wordpress\/plugins\/seo\/ -->\n<title>Posti barca per yacht da 12 a 140 metri in Liguria - Porto Mirabello<\/title>\n<meta name=\"description\" content=\"Posti barca in Liguria presso Porto Mirabello con concessione di 60 anni. Porto con attrezzature tecnologicamente avanzate per accogliere yacht e superyacht\" \/>\n<meta name=\"robots\" content=\"index, follow, max-snippet:-1, max-image-preview:large, max-video-preview:-1\" \/>\n<link rel=\"canonical\" href=\"https:\/\/www.portomirabello.it\/it\/posti-barca\/\" \/>\n<meta property=\"og:locale\" content=\"it_IT\" \/>\n<meta property=\"og:type\" content=\"article\" \/>\n<meta property=\"og:title\" content=\"Posti barca per yacht da 12 a 140 metri in Liguria - Porto Mirabello\" \/>\n<meta property=\"og:description\" content=\"Posti barca in Liguria presso Porto Mirabello con concessione di 60 anni. Porto con attrezzature tecnologicamente avanzate per accogliere yacht e superyacht\" \/>\n<meta property=\"og:url\" content=\"https:\/\/www.portomirabello.it\/it\/posti-barca\/\" \/>\n<meta property=\"og:site_name\" content=\"Porto Mirabello\" \/>\n<meta property=\"article:publisher\" content=\"https:\/\/www.facebook.com\/PortoMirabello\/\" \/>\n<meta property=\"article:modified_time\" content=\"2023-07-05T12:50:57+00:00\" \/>\n<meta name=\"twitter:card\" content=\"summary_large_image\" \/>\n<meta name=\"twitter:site\" content=\"@portomirabello\" \/>\n<meta name=\"twitter:label1\" content=\"Tempo di lettura stimato\" \/>\n\t<meta name=\"twitter:data1\" content=\"3 minuti\" \/>\n<script type=\"application\/ld+json\" class=\"yoast-schema-graph\">{\"@context\":\"https:\/\/schema.org\",\"@graph\":[{\"@type\":\"WebPage\",\"@id\":\"https:\/\/www.portomirabello.it\/it\/posti-barca\/\",\"url\":\"https:\/\/www.portomirabello.it\/it\/posti-barca\/\",\"name\":\"Posti barca per yacht da 12 a 140 metri in Liguria - Porto Mirabello\",\"isPartOf\":{\"@id\":\"https:\/\/www.portomirabello.it\/en\/#website\"},\"datePublished\":\"2016-02-12T14:14:39+00:00\",\"dateModified\":\"2023-07-05T12:50:57+00:00\",\"description\":\"Posti barca in Liguria presso Porto Mirabello con concessione di 60 anni. Porto con attrezzature tecnologicamente avanzate per accogliere yacht e superyacht\",\"breadcrumb\":{\"@id\":\"https:\/\/www.portomirabello.it\/it\/posti-barca\/#breadcrumb\"},\"inLanguage\":\"it-IT\",\"potentialAction\":[{\"@type\":\"ReadAction\",\"target\":[\"https:\/\/www.portomirabello.it\/it\/posti-barca\/\"]}]},{\"@type\":\"BreadcrumbList\",\"@id\":\"https:\/\/www.portomirabello.it\/it\/posti-barca\/#breadcrumb\",\"itemListElement\":[{\"@type\":\"ListItem\",\"position\":1,\"name\":\"Home\",\"item\":\"https:\/\/www.portomirabello.it\/it\/\"},{\"@type\":\"ListItem\",\"position\":2,\"name\":\"Posti barca\"}]},{\"@type\":\"WebSite\",\"@id\":\"https:\/\/www.portomirabello.it\/en\/#website\",\"url\":\"https:\/\/www.portomirabello.it\/en\/\",\"name\":\"Porto Mirabello\",\"description\":\"Mediterannean superyacht marinas La Spezia Italy\",\"potentialAction\":[{\"@type\":\"SearchAction\",\"target\":{\"@type\":\"EntryPoint\",\"urlTemplate\":\"https:\/\/www.portomirabello.it\/en\/?s={search_term_string}\"},\"query-input\":{\"@type\":\"PropertyValueSpecification\",\"valueRequired\":true,\"valueName\":\"search_term_string\"}}],\"inLanguage\":\"it-IT\"}]}<\/script>\n<!-- \/ Yoast SEO plugin. -->","yoast_head_json":{"title":"Posti barca per yacht da 12 a 140 metri in Liguria - Porto Mirabello","description":"Posti barca in Liguria presso Porto Mirabello con concessione di 60 anni. Porto con attrezzature tecnologicamente avanzate per accogliere yacht e superyacht","robots":{"index":"index","follow":"follow","max-snippet":"max-snippet:-1","max-image-preview":"max-image-preview:large","max-video-preview":"max-video-preview:-1"},"canonical":"https:\/\/www.portomirabello.it\/it\/posti-barca\/","og_locale":"it_IT","og_type":"article","og_title":"Posti barca per yacht da 12 a 140 metri in Liguria - Porto Mirabello","og_description":"Posti barca in Liguria presso Porto Mirabello con concessione di 60 anni. Porto con attrezzature tecnologicamente avanzate per accogliere yacht e superyacht","og_url":"https:\/\/www.portomirabello.it\/it\/posti-barca\/","og_site_name":"Porto Mirabello","article_publisher":"https:\/\/www.facebook.com\/PortoMirabello\/","article_modified_time":"2023-07-05T12:50:57+00:00","twitter_card":"summary_large_image","twitter_site":"@portomirabello","twitter_misc":{"Tempo di lettura stimato":"3 minuti"},"schema":{"@context":"https:\/\/schema.org","@graph":[{"@type":"WebPage","@id":"https:\/\/www.portomirabello.it\/it\/posti-barca\/","url":"https:\/\/www.portomirabello.it\/it\/posti-barca\/","name":"Posti barca per yacht da 12 a 140 metri in Liguria - Porto Mirabello","isPartOf":{"@id":"https:\/\/www.portomirabello.it\/en\/#website"},"datePublished":"2016-02-12T14:14:39+00:00","dateModified":"2023-07-05T12:50:57+00:00","description":"Posti barca in Liguria presso Porto Mirabello con concessione di 60 anni. Porto con attrezzature tecnologicamente avanzate per accogliere yacht e superyacht","breadcrumb":{"@id":"https:\/\/www.portomirabello.it\/it\/posti-barca\/#breadcrumb"},"inLanguage":"it-IT","potentialAction":[{"@type":"ReadAction","target":["https:\/\/www.portomirabello.it\/it\/posti-barca\/"]}]},{"@type":"BreadcrumbList","@id":"https:\/\/www.portomirabello.it\/it\/posti-barca\/#breadcrumb","itemListElement":[{"@type":"ListItem","position":1,"name":"Home","item":"https:\/\/www.portomirabello.it\/it\/"},{"@type":"ListItem","position":2,"name":"Posti barca"}]},{"@type":"WebSite","@id":"https:\/\/www.portomirabello.it\/en\/#website","url":"https:\/\/www.portomirabello.it\/en\/","name":"Porto Mirabello","description":"Mediterannean superyacht marinas La Spezia Italy","potentialAction":[{"@type":"SearchAction","target":{"@type":"EntryPoint","urlTemplate":"https:\/\/www.portomirabello.it\/en\/?s={search_term_string}"},"query-input":{"@type":"PropertyValueSpecification","valueRequired":true,"valueName":"search_term_string"}}],"inLanguage":"it-IT"}]}},"_links":{"self":[{"href":"https:\/\/www.portomirabello.it\/it\/wp-json\/wp\/v2\/pages\/137","targetHints":{"allow":["GET"]}}],"collection":[{"href":"https:\/\/www.portomirabello.it\/it\/wp-json\/wp\/v2\/pages"}],"about":[{"href":"https:\/\/www.portomirabello.it\/it\/wp-json\/wp\/v2\/types\/page"}],"author":[{"embeddable":true,"href":"https:\/\/www.portomirabello.it\/it\/wp-json\/wp\/v2\/users\/3"}],"replies":[{"embeddable":true,"href":"https:\/\/www.portomirabello.it\/it\/wp-json\/wp\/v2\/comments?post=137"}],"version-history":[{"count":29,"href":"https:\/\/www.portomirabello.it\/it\/wp-json\/wp\/v2\/pages\/137\/revisions"}],"predecessor-version":[{"id":51822,"href":"https:\/\/www.portomirabello.it\/it\/wp-json\/wp\/v2\/pages\/137\/revisions\/51822"}],"wp:attachment":[{"href":"https:\/\/www.portomirabello.it\/it\/wp-json\/wp\/v2\/media?parent=137"}],"curies":[{"name":"wp","href":"https:\/\/api.w.org\/{rel}","templated":true}]}}