{"id":13750,"date":"2016-02-11T10:25:07","date_gmt":"2016-02-11T10:25:07","guid":{"rendered":"https:\/\/www.portomirabello.it\/porto\/servizi\/"},"modified":"2017-06-06T12:21:08","modified_gmt":"2017-06-06T11:21:08","slug":"service","status":"publish","type":"page","link":"https:\/\/www.portomirabello.it\/de\/hafen\/service\/","title":{"rendered":"Service"},"content":{"rendered":"\n\t\t\t<!-- START header servizi REVOLUTION SLIDER 6.6.18 --><p class=\"rs-p-wp-fix\"><\/p>\n\t\t\t<rs-module-wrap id=\"rev_slider_64_1_wrapper\" data-source=\"gallery\" style=\"visibility:hidden;background:transparent;padding:0;margin:0px auto;margin-top:0;margin-bottom:0;\">\n\t\t\t\t<rs-module id=\"rev_slider_64_1\" style=\"\" data-version=\"6.6.18\">\n\t\t\t\t\t<rs-slides style=\"overflow: hidden; position: absolute;\">\n\t\t\t\t\t\t<rs-slide style=\"position: absolute;\" data-key=\"rs-200\" data-title=\"Slide\" data-anim=\"adpr:false;\">\n\t\t\t\t\t\t\t<img decoding=\"async\" src=\"\/\/www.portomirabello.it\/wp-content\/plugins\/revslider\/public\/assets\/assets\/dummy.png\" alt=\"\" title=\"Service\" class=\"rev-slidebg tp-rs-img rs-lazyload\" data-lazyload=\"\/\/portomirabello.it\/wp-content\/uploads\/Servizi_2000x650.jpg\" data-bg=\"p:center top;\" data-no-retina>\n<!---->\t\t\t\t\t\t<\/rs-slide>\n\t\t\t\t\t<\/rs-slides>\n\t\t\t\t<\/rs-module>\n\t\t\t\t<script>\n\t\t\t\t\tsetREVStartSize({c: 'rev_slider_64_1',rl:[1240,1024,778,480],el:[],gw:[1240],gh:[360],type:'standard',justify:'',layout:'fullwidth',mh:\"0\"});if (window.RS_MODULES!==undefined && window.RS_MODULES.modules!==undefined && window.RS_MODULES.modules[\"revslider641\"]!==undefined) {window.RS_MODULES.modules[\"revslider641\"].once = false;window.revapi64 = undefined;if (window.RS_MODULES.checkMinimal!==undefined) window.RS_MODULES.checkMinimal()}\n\t\t\t\t<\/script>\n\t\t\t<\/rs-module-wrap>\n\t\t\t<!-- END REVOLUTION SLIDER -->\n<div class=\"fusion-fullwidth fullwidth-box fusion-fullwidth-1  fusion-parallax-none nonhundred-percent-fullwidth\" style=\"border-color:#eae9e9;border-bottom-width: 0px;border-top-width: 0px;border-bottom-style: solid;border-top-style: solid;padding-bottom:20px;padding-top:20px;padding-left:;padding-right:;background-color:rgba(255,255,255,0);\"><style type=\"text\/css\" scoped=\"scoped\">.fusion-fullwidth-1 {\n                            padding-left: px !important;\n                            padding-right: px !important;\n                        }<\/style><div class=\"fusion-row\"><div class=\"fusion-title title sep-underline sep-solid fusion-title-size-one\" style=\"border-bottom-color:#002d69;margin-top:20px;margin-bottom:15px;\"><h1 class=\"title-heading-left\">Komfort und Sicherheit zu Ihren Diensten<\/h1><\/div><div class=\"fusion-one-half fusion-layout-column fusion-spacing-yes\" style=\"margin-top:0px;margin-bottom:20px;\"><div class=\"fusion-column-wrapper\"><p>Wir stehen das ganze Jahr den Schiffeigent\u00fcmern und der Besatzung zur Seite. Aus diesem Grund bieten wir unseren Kunden maximalen Komfort in jedem Teil des Hafenbereichs.<\/p>\n<p>Das sind unsere Serviceleistungen und Strukturen:<\/p>\n<p>&nbsp;<\/p>\n<ul>\n<li>407 Liegepl\u00e4tze mit staatlicher Konzession von 60 Jahren ab 12 Metern, davon sind 100 f\u00fcr die Super-Jachten zwischen 25 und 130 m bestimmt.<\/li>\n<li>Shipyard Team immer im Hafen, Probleml\u00f6sung f\u00fcr Boote sowohl am Steg als auch an Land.<\/li>\n<li>Service des technischen Teams\u00a0rund um die Uhr verf\u00fcgbar, um bei jeglichem Schifffahrtsproblem zu helfen.<\/li>\n<li>Hafenb\u00fcro<\/li>\n<li>Bewirtung\u00a0f\u00fcr gro\u00dfe Schiffsk\u00fcchen mit Lieferservice<\/li>\n<li>Elektroautos,\u00a0Verleih von Motorrollern und Fahrr\u00e4dern f\u00fcr Erledigungen vor Ort<\/li>\n<li>Hubschrauberlandeplatz und Shuttle-Service f\u00fcr l\u00e4ngere Reise<\/li>\n<li>Komplett eingez\u00e4unter Hafenbereich mit Sicherheitsservice rund um die Uhr, 90 Videokameras der neuesten Generation und interne und externe \u00dcberwachung in spezifischen Bereichen<\/li>\n<li>2 Tankstationen mit hoher Ladekapazit\u00e4t (SIF), die 500 Liter Diesel pro Minute ausgeben k\u00f6nnen (30.000 Liter pro Stunde)<\/li>\n<li>1.300 Autostellpl\u00e4tze und 287 Garagen\u00a0auch vor den Anlegepl\u00e4tzen<\/li>\n<li>Wettervorhersageservice<\/li>\n<li>Kathodenschutz<\/li>\n<\/ul>\n<div class=\"fusion-clearfix\"><\/div><\/div><\/div><div class=\"fusion-one-half fusion-layout-column fusion-column-last fusion-spacing-yes\" style=\"margin-top:0px;margin-bottom:20px;\"><div class=\"fusion-column-wrapper\">\n\t\t\t<!-- START slider servizi REVOLUTION SLIDER 6.6.18 --><p class=\"rs-p-wp-fix\"><\/p>\n\t\t\t<rs-module-wrap id=\"rev_slider_34_2_wrapper\" data-source=\"gallery\" style=\"visibility:hidden;background:transparent;padding:0;margin:0px auto;margin-top:0;margin-bottom:0;\">\n\t\t\t\t<rs-module id=\"rev_slider_34_2\" style=\"\" data-version=\"6.6.18\">\n\t\t\t\t\t<rs-slides style=\"overflow: hidden; position: absolute;\">\n\t\t\t\t\t\t<rs-slide style=\"position: absolute;\" data-key=\"rs-157\" data-title=\"Slide\" data-thumb=\"\/\/portomirabello.it\/wp-content\/uploads\/servizi_001.png\" data-anim=\"adpr:false;\">\n\t\t\t\t\t\t\t<img decoding=\"async\" src=\"\/\/www.portomirabello.it\/wp-content\/plugins\/revslider\/public\/assets\/assets\/dummy.png\" alt=\"\" title=\"Service\" class=\"rev-slidebg tp-rs-img rs-lazyload\" data-lazyload=\"\/\/portomirabello.it\/wp-content\/uploads\/servizi_001.png\" data-no-retina>\n<!---->\t\t\t\t\t\t<\/rs-slide>\n\t\t\t\t\t\t<rs-slide style=\"position: absolute;\" data-key=\"rs-158\" data-title=\"Slide\" data-thumb=\"\/\/portomirabello.it\/wp-content\/uploads\/servizi_002.png\" data-anim=\"adpr:false;\">\n\t\t\t\t\t\t\t<img decoding=\"async\" src=\"\/\/www.portomirabello.it\/wp-content\/plugins\/revslider\/public\/assets\/assets\/dummy.png\" alt=\"\" title=\"Service\" class=\"rev-slidebg tp-rs-img rs-lazyload\" data-lazyload=\"\/\/portomirabello.it\/wp-content\/uploads\/servizi_002.png\" data-no-retina>\n<!---->\t\t\t\t\t\t<\/rs-slide>\n\t\t\t\t\t\t<rs-slide style=\"position: absolute;\" data-key=\"rs-159\" data-title=\"Slide\" data-thumb=\"\/\/portomirabello.it\/wp-content\/uploads\/servizi_003.jpg\" data-anim=\"adpr:false;\">\n\t\t\t\t\t\t\t<img decoding=\"async\" src=\"\/\/www.portomirabello.it\/wp-content\/plugins\/revslider\/public\/assets\/assets\/dummy.png\" alt=\"\" title=\"Service\" class=\"rev-slidebg tp-rs-img rs-lazyload\" data-lazyload=\"\/\/portomirabello.it\/wp-content\/uploads\/servizi_003.jpg\" data-no-retina>\n<!---->\t\t\t\t\t\t<\/rs-slide>\n\t\t\t\t\t\t<rs-slide style=\"position: absolute;\" data-key=\"rs-160\" data-title=\"Slide\" data-thumb=\"\/\/portomirabello.it\/wp-content\/uploads\/rif_01.jpg\" data-anim=\"ms:300,default;r:,0;\" data-in=\"o:0;\" data-out=\"a:false;\">\n\t\t\t\t\t\t\t<img decoding=\"async\" src=\"\/\/www.portomirabello.it\/wp-content\/plugins\/revslider\/public\/assets\/assets\/dummy.png\" alt=\"\" title=\"Service\" class=\"rev-slidebg tp-rs-img rs-lazyload\" data-lazyload=\"\/\/portomirabello.it\/wp-content\/uploads\/rif_01.jpg\" data-no-retina>\n<!---->\t\t\t\t\t\t<\/rs-slide>\n\t\t\t\t\t\t<rs-slide style=\"position: absolute;\" data-key=\"rs-161\" data-title=\"Slide\" data-thumb=\"\/\/portomirabello.it\/wp-content\/uploads\/servizi_005.png\" data-anim=\"adpr:false;\">\n\t\t\t\t\t\t\t<img decoding=\"async\" src=\"\/\/www.portomirabello.it\/wp-content\/plugins\/revslider\/public\/assets\/assets\/dummy.png\" alt=\"\" title=\"Service\" class=\"rev-slidebg tp-rs-img rs-lazyload\" data-lazyload=\"\/\/portomirabello.it\/wp-content\/uploads\/servizi_005.png\" data-no-retina>\n<!---->\t\t\t\t\t\t<\/rs-slide>\n\t\t\t\t\t\t<rs-slide style=\"position: absolute;\" data-key=\"rs-782\" data-title=\"Slide\" data-thumb=\"\/\/portomirabello.it\/wp-content\/uploads\/PM_slider_servizi2.jpg\" data-anim=\"adpr:false;\">\n\t\t\t\t\t\t\t<img decoding=\"async\" src=\"\/\/www.portomirabello.it\/wp-content\/plugins\/revslider\/public\/assets\/assets\/dummy.png\" alt=\"\" title=\"Service\" class=\"rev-slidebg tp-rs-img rs-lazyload\" data-lazyload=\"\/\/portomirabello.it\/wp-content\/uploads\/PM_slider_servizi2.jpg\" data-no-retina>\n<!---->\t\t\t\t\t\t<\/rs-slide>\n\t\t\t\t\t\t<rs-slide style=\"position: absolute;\" data-key=\"rs-784\" data-title=\"Slide\" data-thumb=\"\/\/portomirabello.it\/wp-content\/uploads\/PM_slider_servizi1.jpg\" data-anim=\"adpr:false;\">\n\t\t\t\t\t\t\t<img decoding=\"async\" src=\"\/\/www.portomirabello.it\/wp-content\/plugins\/revslider\/public\/assets\/assets\/dummy.png\" alt=\"\" title=\"Service\" class=\"rev-slidebg tp-rs-img rs-lazyload\" data-lazyload=\"\/\/portomirabello.it\/wp-content\/uploads\/PM_slider_servizi1.jpg\" data-no-retina>\n<!---->\t\t\t\t\t\t<\/rs-slide>\n\t\t\t\t\t\t<rs-slide style=\"position: absolute;\" data-key=\"rs-783\" data-title=\"Slide\" data-thumb=\"\/\/portomirabello.it\/wp-content\/uploads\/PM_slider_servizi3.jpg\" data-anim=\"adpr:false;\">\n\t\t\t\t\t\t\t<img decoding=\"async\" src=\"\/\/www.portomirabello.it\/wp-content\/plugins\/revslider\/public\/assets\/assets\/dummy.png\" alt=\"\" title=\"Service\" class=\"rev-slidebg tp-rs-img rs-lazyload\" data-lazyload=\"\/\/portomirabello.it\/wp-content\/uploads\/PM_slider_servizi3.jpg\" data-no-retina>\n<!---->\t\t\t\t\t\t<\/rs-slide>\n\t\t\t\t\t\t<rs-slide style=\"position: absolute;\" data-key=\"rs-785\" data-title=\"Slide\" data-thumb=\"\/\/portomirabello.it\/wp-content\/uploads\/PM_slider_servizi4.jpg\" data-anim=\"adpr:false;\">\n\t\t\t\t\t\t\t<img decoding=\"async\" src=\"\/\/www.portomirabello.it\/wp-content\/plugins\/revslider\/public\/assets\/assets\/dummy.png\" alt=\"\" title=\"Service\" class=\"rev-slidebg tp-rs-img rs-lazyload\" data-lazyload=\"\/\/portomirabello.it\/wp-content\/uploads\/PM_slider_servizi4.jpg\" data-no-retina>\n<!---->\t\t\t\t\t\t<\/rs-slide>\n\t\t\t\t\t\t<rs-slide style=\"position: absolute;\" data-key=\"rs-919\" data-title=\"Slide\" data-thumb=\"\/\/portomirabello.it\/wp-content\/uploads\/Illustrazione-MAPPA-SCALI-AEROPORTUALI.jpg\" data-anim=\"ms:300,default;r:,0;\" data-in=\"o:0;\" data-out=\"a:false;\">\n\t\t\t\t\t\t\t<img decoding=\"async\" src=\"\/\/www.portomirabello.it\/wp-content\/plugins\/revslider\/public\/assets\/assets\/dummy.png\" alt=\"\" title=\"Service\" class=\"rev-slidebg tp-rs-img rs-lazyload\" data-lazyload=\"\/\/portomirabello.it\/wp-content\/uploads\/Illustrazione-MAPPA-SCALI-AEROPORTUALI.jpg\" data-no-retina>\n<!---->\t\t\t\t\t\t<\/rs-slide>\n\t\t\t\t\t\t<rs-slide style=\"position: absolute;\" data-key=\"rs-920\" data-title=\"Slide\" data-thumb=\"\/\/portomirabello.it\/wp-content\/uploads\/paddle.jpg\" data-anim=\"ms:300,default,default;r:,0,0;\" data-in=\"o:0;e:d,d;\" data-out=\"e:d,d;\" data-alttrans=\"fade\">\n\t\t\t\t\t\t\t<img decoding=\"async\" src=\"\/\/www.portomirabello.it\/wp-content\/plugins\/revslider\/public\/assets\/assets\/dummy.png\" alt=\"\" title=\"Service\" class=\"rev-slidebg tp-rs-img rs-lazyload\" data-lazyload=\"\/\/portomirabello.it\/wp-content\/uploads\/paddle.jpg\" data-no-retina>\n<!---->\t\t\t\t\t\t<\/rs-slide>\n\t\t\t\t\t<\/rs-slides>\n\t\t\t\t<\/rs-module>\n\t\t\t\t<script>\n\t\t\t\t\tsetREVStartSize({c: 'rev_slider_34_2',rl:[1240,1024,778,480],el:[],gw:[800],gh:[756],type:'standard',justify:'',layout:'fullwidth',mh:\"0\"});if (window.RS_MODULES!==undefined && window.RS_MODULES.modules!==undefined && window.RS_MODULES.modules[\"revslider342\"]!==undefined) {window.RS_MODULES.modules[\"revslider342\"].once = false;window.revapi34 = undefined;if (window.RS_MODULES.checkMinimal!==undefined) window.RS_MODULES.checkMinimal()}\n\t\t\t\t<\/script>\n\t\t\t<\/rs-module-wrap>\n\t\t\t<!-- END REVOLUTION SLIDER -->\n<div class=\"fusion-clearfix\"><\/div><\/div><\/div><div class=\"fusion-clearfix\"><\/div><\/div><\/div><div class=\"fusion-fullwidth fullwidth-box fusion-fullwidth-2  fusion-parallax-none nonhundred-percent-fullwidth\" style=\"border-color:#eae9e9;border-bottom-width: 0px;border-top-width: 0px;border-bottom-style: solid;border-top-style: solid;padding-bottom:20px;padding-top:20px;padding-left:;padding-right:;background-color:#f4f6f6;\"><style type=\"text\/css\" scoped=\"scoped\">.fusion-fullwidth-2 {\n                            padding-left: px !important;\n                            padding-right: px !important;\n                        }<\/style><div class=\"fusion-row\"><p><strong>F\u00fcr Kontakte und Informationen:\u2028<\/strong><br \/>\n<strong>B\u00fcrozeiten:<\/strong><br \/>\n<strong>08:00 \/12:30 \u2013 13:30 \/17:30\u2028Tel. +39 0187 733907\u2028<\/strong><br \/>\n<strong>Mobil B\u00fcro 333 7621993<\/strong><br \/>\n<strong>\u2028Festnetz+39 0187 1864958<\/strong><\/p>\n<p><a href=\"mailto:info@cantieremirabello.it\">info@cantieremirabello.it\u2028<\/a><br \/>\n<strong>Mobil 335 1397021 \u2013 335 1397024 \u2013 335 1397025<\/strong><\/p>\n<p><strong class=\"nero\">\u00a0<\/strong><\/p>\n\n<div class=\"wpcf7 no-js\" id=\"wpcf7-f13817-o1\" lang=\"it-IT\" dir=\"ltr\" data-wpcf7-id=\"13817\">\n<div class=\"screen-reader-response\"><p role=\"status\" aria-live=\"polite\" aria-atomic=\"true\"><\/p> <ul><\/ul><\/div>\n<form action=\"\/de\/wp-json\/wp\/v2\/pages\/13750#wpcf7-f13817-o1\" method=\"post\" class=\"wpcf7-form init\" aria-label=\"Modulo di contatto\" novalidate=\"novalidate\" data-status=\"init\">\n<div style=\"display: none;\">\n<input type=\"hidden\" name=\"_wpcf7\" value=\"13817\" \/>\n<input type=\"hidden\" name=\"_wpcf7_version\" value=\"6.0.6\" \/>\n<input type=\"hidden\" name=\"_wpcf7_locale\" value=\"it_IT\" \/>\n<input type=\"hidden\" name=\"_wpcf7_unit_tag\" value=\"wpcf7-f13817-o1\" \/>\n<input type=\"hidden\" name=\"_wpcf7_container_post\" value=\"0\" \/>\n<input type=\"hidden\" name=\"_wpcf7_posted_data_hash\" value=\"\" \/>\n<\/div>\n<p>Ihr Name (erforderlich)\n<\/p>\n<p><span class=\"wpcf7-form-control-wrap\" data-name=\"your-name\"><input size=\"40\" maxlength=\"400\" class=\"wpcf7-form-control wpcf7-text wpcf7-validates-as-required\" aria-required=\"true\" aria-invalid=\"false\" value=\"\" type=\"text\" name=\"your-name\" \/><\/span>\n<\/p>\n<p>Ihre E-Mail (erforderlich)\n<\/p>\n<p><span class=\"wpcf7-form-control-wrap\" data-name=\"your-email\"><input size=\"40\" maxlength=\"400\" class=\"wpcf7-form-control wpcf7-email wpcf7-validates-as-required wpcf7-text wpcf7-validates-as-email\" aria-required=\"true\" aria-invalid=\"false\" value=\"\" type=\"email\" name=\"your-email\" \/><\/span>\n<\/p>\n<p>Telefon\n<\/p>\n<p><span class=\"wpcf7-form-control-wrap\" data-name=\"your-phone\"><input size=\"40\" maxlength=\"400\" class=\"wpcf7-form-control wpcf7-text\" aria-invalid=\"false\" value=\"\" type=\"text\" name=\"your-phone\" \/><\/span>\n<\/p>\n<p>Deine Nachricht\n<\/p>\n<p><span class=\"wpcf7-form-control-wrap\" data-name=\"your-message\"><textarea cols=\"40\" rows=\"10\" maxlength=\"2000\" class=\"wpcf7-form-control wpcf7-textarea\" aria-invalid=\"false\" name=\"your-message\"><\/textarea><\/span>\n<\/p>\n<p><span class=\"wpcf7-form-control-wrap\" data-name=\"privacy\"><span class=\"wpcf7-form-control wpcf7-acceptance\"><span class=\"wpcf7-list-item\"><input type=\"checkbox\" name=\"privacy\" value=\"1\" aria-invalid=\"false\" \/><\/span><\/span><\/span><span style=\" font-size:14px;\"><a href=\"https:\/\/www.iubenda.com\/privacy-policy\/47124396\/legal?from_cookie_policy=true&an=no\" target=\"blank\">Ich akzeptiere die Datenschutzerkl\u00e4rung<\/a><\/span>\n<\/p>\n<p><input class=\"wpcf7-form-control wpcf7-submit has-spinner\" type=\"submit\" value=\"Senden\" \/>\n<\/p><div class=\"wpcf7-response-output\" aria-hidden=\"true\"><\/div>\n<\/form>\n<\/div>\n<\/div><\/div>\n","protected":false},"excerpt":{"rendered":"","protected":false},"author":3,"featured_media":0,"parent":13717,"menu_order":0,"comment_status":"closed","ping_status":"closed","template":"100-width.php","meta":{"footnotes":""},"class_list":["post-13750","page","type-page","status-publish","hentry"],"yoast_head":"<!-- This site is optimized with the Yoast SEO plugin v25.0 - https:\/\/yoast.com\/wordpress\/plugins\/seo\/ -->\n<title>Servizi Posto Turistico Portomirabello: dall&#039;eliporto alla videosorveglianza<\/title>\n<meta name=\"description\" content=\"I Servizi del Porto Turistico Porto Mirabello ti garantiscono un soggiorno indimenticabile, sicuro e dotato di ogni comfort.\" \/>\n<meta name=\"robots\" content=\"index, follow, max-snippet:-1, max-image-preview:large, max-video-preview:-1\" \/>\n<link rel=\"canonical\" href=\"https:\/\/www.portomirabello.it\/de\/hafen\/service\/\" \/>\n<meta property=\"og:locale\" content=\"de_DE\" \/>\n<meta property=\"og:type\" content=\"article\" \/>\n<meta property=\"og:title\" content=\"Servizi Posto Turistico Portomirabello: dall&#039;eliporto alla videosorveglianza\" \/>\n<meta property=\"og:description\" content=\"I Servizi del Porto Turistico Porto Mirabello ti garantiscono un soggiorno indimenticabile, sicuro e dotato di ogni comfort.\" \/>\n<meta property=\"og:url\" content=\"https:\/\/www.portomirabello.it\/de\/hafen\/service\/\" \/>\n<meta property=\"og:site_name\" content=\"Porto Mirabello\" \/>\n<meta property=\"article:publisher\" content=\"https:\/\/www.facebook.com\/PortoMirabello\/\" \/>\n<meta property=\"article:modified_time\" content=\"2017-06-06T11:21:08+00:00\" \/>\n<meta name=\"twitter:card\" content=\"summary_large_image\" \/>\n<meta name=\"twitter:site\" content=\"@portomirabello\" \/>\n<meta name=\"twitter:label1\" content=\"Gesch\u00e4tzte Lesezeit\" \/>\n\t<meta name=\"twitter:data1\" content=\"3\u00a0Minuten\" \/>\n<script type=\"application\/ld+json\" class=\"yoast-schema-graph\">{\"@context\":\"https:\/\/schema.org\",\"@graph\":[{\"@type\":\"WebPage\",\"@id\":\"https:\/\/www.portomirabello.it\/de\/hafen\/service\/\",\"url\":\"https:\/\/www.portomirabello.it\/de\/hafen\/service\/\",\"name\":\"Servizi Posto Turistico Portomirabello: dall'eliporto alla videosorveglianza\",\"isPartOf\":{\"@id\":\"https:\/\/www.portomirabello.it\/en\/#website\"},\"datePublished\":\"2016-02-11T10:25:07+00:00\",\"dateModified\":\"2017-06-06T11:21:08+00:00\",\"description\":\"I Servizi del Porto Turistico Porto Mirabello ti garantiscono un soggiorno indimenticabile, sicuro e dotato di ogni comfort.\",\"breadcrumb\":{\"@id\":\"https:\/\/www.portomirabello.it\/de\/hafen\/service\/#breadcrumb\"},\"inLanguage\":\"de\",\"potentialAction\":[{\"@type\":\"ReadAction\",\"target\":[\"https:\/\/www.portomirabello.it\/de\/hafen\/service\/\"]}]},{\"@type\":\"BreadcrumbList\",\"@id\":\"https:\/\/www.portomirabello.it\/de\/hafen\/service\/#breadcrumb\",\"itemListElement\":[{\"@type\":\"ListItem\",\"position\":1,\"name\":\"Home\",\"item\":\"https:\/\/www.portomirabello.it\/ru\/\"},{\"@type\":\"ListItem\",\"position\":2,\"name\":\"Hafen\",\"item\":\"https:\/\/www.portomirabello.it\/de\/hafen\/\"},{\"@type\":\"ListItem\",\"position\":3,\"name\":\"Service\"}]},{\"@type\":\"WebSite\",\"@id\":\"https:\/\/www.portomirabello.it\/en\/#website\",\"url\":\"https:\/\/www.portomirabello.it\/en\/\",\"name\":\"Porto Mirabello\",\"description\":\"Mediterannean superyacht marinas La Spezia Italy\",\"potentialAction\":[{\"@type\":\"SearchAction\",\"target\":{\"@type\":\"EntryPoint\",\"urlTemplate\":\"https:\/\/www.portomirabello.it\/en\/?s={search_term_string}\"},\"query-input\":{\"@type\":\"PropertyValueSpecification\",\"valueRequired\":true,\"valueName\":\"search_term_string\"}}],\"inLanguage\":\"de\"}]}<\/script>\n<!-- \/ Yoast SEO plugin. -->","yoast_head_json":{"title":"Servizi Posto Turistico Portomirabello: dall'eliporto alla videosorveglianza","description":"I Servizi del Porto Turistico Porto Mirabello ti garantiscono un soggiorno indimenticabile, sicuro e dotato di ogni comfort.","robots":{"index":"index","follow":"follow","max-snippet":"max-snippet:-1","max-image-preview":"max-image-preview:large","max-video-preview":"max-video-preview:-1"},"canonical":"https:\/\/www.portomirabello.it\/de\/hafen\/service\/","og_locale":"de_DE","og_type":"article","og_title":"Servizi Posto Turistico Portomirabello: dall'eliporto alla videosorveglianza","og_description":"I Servizi del Porto Turistico Porto Mirabello ti garantiscono un soggiorno indimenticabile, sicuro e dotato di ogni comfort.","og_url":"https:\/\/www.portomirabello.it\/de\/hafen\/service\/","og_site_name":"Porto Mirabello","article_publisher":"https:\/\/www.facebook.com\/PortoMirabello\/","article_modified_time":"2017-06-06T11:21:08+00:00","twitter_card":"summary_large_image","twitter_site":"@portomirabello","twitter_misc":{"Gesch\u00e4tzte Lesezeit":"3\u00a0Minuten"},"schema":{"@context":"https:\/\/schema.org","@graph":[{"@type":"WebPage","@id":"https:\/\/www.portomirabello.it\/de\/hafen\/service\/","url":"https:\/\/www.portomirabello.it\/de\/hafen\/service\/","name":"Servizi Posto Turistico Portomirabello: dall'eliporto alla videosorveglianza","isPartOf":{"@id":"https:\/\/www.portomirabello.it\/en\/#website"},"datePublished":"2016-02-11T10:25:07+00:00","dateModified":"2017-06-06T11:21:08+00:00","description":"I Servizi del Porto Turistico Porto Mirabello ti garantiscono un soggiorno indimenticabile, sicuro e dotato di ogni comfort.","breadcrumb":{"@id":"https:\/\/www.portomirabello.it\/de\/hafen\/service\/#breadcrumb"},"inLanguage":"de","potentialAction":[{"@type":"ReadAction","target":["https:\/\/www.portomirabello.it\/de\/hafen\/service\/"]}]},{"@type":"BreadcrumbList","@id":"https:\/\/www.portomirabello.it\/de\/hafen\/service\/#breadcrumb","itemListElement":[{"@type":"ListItem","position":1,"name":"Home","item":"https:\/\/www.portomirabello.it\/ru\/"},{"@type":"ListItem","position":2,"name":"Hafen","item":"https:\/\/www.portomirabello.it\/de\/hafen\/"},{"@type":"ListItem","position":3,"name":"Service"}]},{"@type":"WebSite","@id":"https:\/\/www.portomirabello.it\/en\/#website","url":"https:\/\/www.portomirabello.it\/en\/","name":"Porto Mirabello","description":"Mediterannean superyacht marinas La Spezia Italy","potentialAction":[{"@type":"SearchAction","target":{"@type":"EntryPoint","urlTemplate":"https:\/\/www.portomirabello.it\/en\/?s={search_term_string}"},"query-input":{"@type":"PropertyValueSpecification","valueRequired":true,"valueName":"search_term_string"}}],"inLanguage":"de"}]}},"_links":{"self":[{"href":"https:\/\/www.portomirabello.it\/de\/wp-json\/wp\/v2\/pages\/13750","targetHints":{"allow":["GET"]}}],"collection":[{"href":"https:\/\/www.portomirabello.it\/de\/wp-json\/wp\/v2\/pages"}],"about":[{"href":"https:\/\/www.portomirabello.it\/de\/wp-json\/wp\/v2\/types\/page"}],"author":[{"embeddable":true,"href":"https:\/\/www.portomirabello.it\/de\/wp-json\/wp\/v2\/users\/3"}],"replies":[{"embeddable":true,"href":"https:\/\/www.portomirabello.it\/de\/wp-json\/wp\/v2\/comments?post=13750"}],"version-history":[{"count":5,"href":"https:\/\/www.portomirabello.it\/de\/wp-json\/wp\/v2\/pages\/13750\/revisions"}],"predecessor-version":[{"id":14015,"href":"https:\/\/www.portomirabello.it\/de\/wp-json\/wp\/v2\/pages\/13750\/revisions\/14015"}],"up":[{"embeddable":true,"href":"https:\/\/www.portomirabello.it\/de\/wp-json\/wp\/v2\/pages\/13717"}],"wp:attachment":[{"href":"https:\/\/www.portomirabello.it\/de\/wp-json\/wp\/v2\/media?parent=13750"}],"curies":[{"name":"wp","href":"https:\/\/api.w.org\/{rel}","templated":true}]}}